{"id":2041,"date":"2025-06-05T09:30:12","date_gmt":"2025-06-05T09:30:12","guid":{"rendered":"https:\/\/gortcoaching.com\/de\/?page_id=2041"},"modified":"2025-10-01T08:55:11","modified_gmt":"2025-10-01T08:55:11","slug":"beschwerden","status":"publish","type":"page","link":"https:\/\/gortcoaching.com\/de\/beschwerden\/","title":{"rendered":"Beschwerden"},"content":{"rendered":"\n<section     class=\"section-gradient px-4 pt-20 pb-74 md:pt-32 md:pb-20 bg-left-70 md:bg-center bg-no-repeat bg-cover\"\n         style=\"background-image: linear-gradient(89.74deg, #635FA8 13%, rgba(99, 95, 168, 0.56) 99.81%), url(https:\/\/gortcoaching.com\/de\/wp-content\/uploads\/sites\/5\/2025\/03\/header-coaches-v4-1536x679.jpg);\">\n\n    <div class=\"md:container\">\n\n        <div class=\"flex justify-center text-center\">\n\n            <div class=\"mb-12 md:mb-74 md:max-w-536\">\n\n                <h1                    class=\"uppercase font-primary font-bold text-h2 md:text-md-h2 text-white tracking-normal mb-4 md:mb-5 md:break-normal\">\n                    Ihre Beschwerden sind unser Anliegen.                <\/h1>\n\n                                    <div\n                        class=\"font-primary font-normal text-body-sm md:text-body-base text-white tracking-normal mb-9 md:mb-11\">\n                        <section>\r\n  <h4>Haben Sie mit belastenden psychischen Beschwerden zu k\u00e4mpfen?<\/h4>\r\n  <p>Sie stehen damit nicht allein. Unsere Psycholog*innen, Therapeut*innen und Coach*innen unterst\u00fctzen Sie gerne dabei, gemeinsam an dem zu arbeiten, was Sie belastet. Informieren Sie sich zun\u00e4chst \u00fcber h\u00e4ufige psychische Beschwerden \u2013 oder schildern Sie uns Ihre Situation direkt in einem pers\u00f6nlichen Beratungsgespr\u00e4ch.<\/p>\r\n\r\n  <h4>Sie wissen nicht genau, was los ist, aber sp\u00fcren, dass etwas nicht stimmt und Sie etwas ver\u00e4ndern m\u00f6chten?<\/h4>\r\n  <p>Wir helfen Ihnen dabei, Ihre mentale Herausforderung in Worte zu fassen. Denn auch wenn es sich f\u00fcr Sie ungewohnt anf\u00fchlen mag: Sorgen zu teilen, entlastet.<\/p>\r\n\r\n  <p><strong>Im ca. 15-min\u00fctigen Telefonat<\/strong> h\u00f6ren wir uns Ihre Geschichte an und beraten Sie, welche Unterst\u00fctzung am besten zu Ihnen passt.<\/p>\r\n<\/section>\r\n\r\n\r\n<br \/>\r\n<strong>Ben\u00f6tigen Sie pers\u00f6nliche Beratung?<\/strong><\/p>                    <\/div>\n                \n                                    <!-- Button -->\n                    <div class=\"flex justify-center text-center\">\n                        <a href=\"tel:021539069978\" class=\"btn btn-bg-white w-full md:w-auto\">\n                            Rufen Sie bei uns an: 02153 9069 978                        <\/a>\n                    <\/div>\n                \n            <\/div>\n        <\/div>\n\n        \n    <\/div>\n\n<\/section>\n\n\n\n<section     class=\"px-4 pt-8 pb-14 md:pt-16 md:pb-24 section-white\">\n\n    <div class=\"md:container\">\n\n        <div class=\"text-center mb-9 md:mb-12 text-gray-800\">\n            <h2\n                class=\"uppercase mb-2.5 md:mb-5 font-primary font-bold text-h2 md:text-md-h2 tracking-normal\">\n                W\u00e4hlen sie ihr Anliegen            <\/h2>\n            \n        <\/div>\n\n                    <div class=\"\">\n\n                <ul class=\"text-center md:flex md:flex-wrap md:justify-center\">\n                    \n                            <li class=\"flex justify-center mr-4 mb-4\">\n                                <a href=\"https:\/\/gortcoaching.com\/de\/burn-out\/\"\n                                   class=\"bg-gray-100 hover:bg-gray-200 rounded-full py-2 px-6 font-primary font-semibold text-body-xs text-gray-800 tracking-normal w-full focus:outline-none overflow-hidden overflow-ellipsis whitespace-nowrap\">\n                                    Burn-Out                                <\/a>\n                            <\/li>\n\n                            \n                            <li class=\"flex justify-center mr-4 mb-4\">\n                                <a href=\"https:\/\/gortcoaching.com\/de\/stress\/\"\n                                   class=\"bg-gray-100 hover:bg-gray-200 rounded-full py-2 px-6 font-primary font-semibold text-body-xs text-gray-800 tracking-normal w-full focus:outline-none overflow-hidden overflow-ellipsis whitespace-nowrap\">\n                                    Stress                                <\/a>\n                            <\/li>\n\n                            \n                            <li class=\"flex justify-center mr-4 mb-4\">\n                                <a href=\"https:\/\/gortcoaching.com\/de\/beziehungsprobleme\/\"\n                                   class=\"bg-gray-100 hover:bg-gray-200 rounded-full py-2 px-6 font-primary font-semibold text-body-xs text-gray-800 tracking-normal w-full focus:outline-none overflow-hidden overflow-ellipsis whitespace-nowrap\">\n                                    Beziehungsprobleme                                <\/a>\n                            <\/li>\n\n                            \n                            <li class=\"flex justify-center mr-4 mb-4\">\n                                <a href=\"https:\/\/gortcoaching.com\/de\/karriereprobleme\/\"\n                                   class=\"bg-gray-100 hover:bg-gray-200 rounded-full py-2 px-6 font-primary font-semibold text-body-xs text-gray-800 tracking-normal w-full focus:outline-none overflow-hidden overflow-ellipsis whitespace-nowrap\">\n                                    Karriereprobleme                                <\/a>\n                            <\/li>\n\n                            \n                            <li class=\"flex justify-center mr-4 mb-4\">\n                                <a href=\"\/de\/\u00c4ngste\"\n                                   class=\"bg-gray-100 hover:bg-gray-200 rounded-full py-2 px-6 font-primary font-semibold text-body-xs text-gray-800 tracking-normal w-full focus:outline-none overflow-hidden overflow-ellipsis whitespace-nowrap\">\n                                    \u00c4ngste                                <\/a>\n                            <\/li>\n\n                            \n                <\/ul>\n\n            <\/div>\n        \n        \n    <\/div>\n\n<\/section>\n\n\n\n<section     class=\"px-4 py-20 section-white\">\n\n    <div class=\"md:container\">\n\n        <div class=\"md:flex md:items-center md:justify-between mb-9 md:mb-74\">\n\n            <div class=\"w-full text-center md:text-left md:mr-4\">\n                <h2\n                    class=\"text-gray-800 uppercase font-primary font-bold text-h2 md:text-md-h2 tracking-normal mb-4 md:mb-5\">\n                                    <\/h2>\n\n                \n            <\/div>\n\n                    <\/div>\n\n        \n\n\n        \n    <\/div>\n\n<\/section>\n\n\n\n<p><\/p>\n","protected":false},"excerpt":{"rendered":"","protected":false},"author":5,"featured_media":0,"parent":0,"menu_order":0,"comment_status":"closed","ping_status":"closed","template":"","meta":{"_acf_changed":true,"content-type":"","_genesis_hide_title":true,"_genesis_hide_breadcrumbs":false,"_genesis_hide_singular_image":false,"_genesis_hide_footer_widgets":false,"_genesis_custom_body_class":"","_genesis_custom_post_class":"","_genesis_layout":"white-header","footnotes":""},"class_list":{"0":"post-2041","1":"page","2":"type-page","3":"status-publish","5":"entry"},"acf":{"schema_author_coach":null,"schema_reviewer_coach":null,"schema_profile_box_background":"white"},"_links":{"self":[{"href":"https:\/\/gortcoaching.com\/de\/wp-json\/wp\/v2\/pages\/2041","targetHints":{"allow":["GET"]}}],"collection":[{"href":"https:\/\/gortcoaching.com\/de\/wp-json\/wp\/v2\/pages"}],"about":[{"href":"https:\/\/gortcoaching.com\/de\/wp-json\/wp\/v2\/types\/page"}],"author":[{"embeddable":true,"href":"https:\/\/gortcoaching.com\/de\/wp-json\/wp\/v2\/users\/5"}],"replies":[{"embeddable":true,"href":"https:\/\/gortcoaching.com\/de\/wp-json\/wp\/v2\/comments?post=2041"}],"version-history":[{"count":0,"href":"https:\/\/gortcoaching.com\/de\/wp-json\/wp\/v2\/pages\/2041\/revisions"}],"wp:attachment":[{"href":"https:\/\/gortcoaching.com\/de\/wp-json\/wp\/v2\/media?parent=2041"}],"curies":[{"name":"wp","href":"https:\/\/api.w.org\/{rel}","templated":true}]}}